{"id":7,"date":"2024-09-30T10:07:03","date_gmt":"2024-09-30T08:07:03","guid":{"rendered":"https:\/\/www.sweetcotton.lu\/?page_id=7"},"modified":"2024-10-14T12:44:16","modified_gmt":"2024-10-14T10:44:16","slug":"willkommen-auf-unserer-temporaeren-webseite","status":"publish","type":"page","link":"https:\/\/www.sweetcotton.lu\/","title":{"rendered":"Willkommen auf unserer tempor\u00e4ren Webseite!"},"content":{"rendered":"<p>[et_pb_section fb_built=&#8220;1&#8243; _builder_version=&#8220;4.16&#8243; global_colors_info=&#8220;{}&#8220;][et_pb_row _builder_version=&#8220;4.27.0&#8243; _module_preset=&#8220;default&#8220; global_colors_info=&#8220;{}&#8220;][et_pb_column type=&#8220;4_4&#8243; _builder_version=&#8220;4.27.0&#8243; _module_preset=&#8220;default&#8220; global_colors_info=&#8220;{}&#8220;][et_pb_image src=&#8220;https:\/\/www.sweetcotton.lu\/wp-content\/uploads\/2024\/09\/sweetcotton.png&#8220; title_text=&#8220;sweetcotton&#8220; _builder_version=&#8220;4.27.0&#8243; _module_preset=&#8220;default&#8220; global_colors_info=&#8220;{}&#8220;][\/et_pb_image][\/et_pb_column][\/et_pb_row][et_pb_row _builder_version=&#8220;4.16&#8243; background_size=&#8220;initial&#8220; background_position=&#8220;top_left&#8220; background_repeat=&#8220;repeat&#8220; global_colors_info=&#8220;{}&#8220;][et_pb_column type=&#8220;4_4&#8243; _builder_version=&#8220;4.16&#8243; custom_padding=&#8220;|||&#8220; global_colors_info=&#8220;{}&#8220; custom_padding__hover=&#8220;|||&#8220;][et_pb_text _builder_version=&#8220;4.27.0&#8243; _module_preset=&#8220;default&#8220; hover_enabled=&#8220;0&#8243; global_colors_info=&#8220;{}&#8220; sticky_enabled=&#8220;0&#8243;]<\/p>\n<h1 class=\"main_title\" style=\"text-align: left;\">Willkommen auf unserer tempor\u00e4ren Webseite!<\/h1>\n<p>[\/et_pb_text][et_pb_text _builder_version=&#8220;4.27.0&#8243; background_size=&#8220;initial&#8220; background_position=&#8220;top_left&#8220; background_repeat=&#8220;repeat&#8220; hover_enabled=&#8220;0&#8243; global_colors_info=&#8220;{}&#8220; sticky_enabled=&#8220;0&#8243;]<\/p>\n<p style=\"text-align: justify;\"><!-- divi:paragraph -->Liebe Kundinnen und Kunden, gesch\u00e4tzte Besucherinnen und Besucher,<\/p>\n<p style=\"text-align: justify;\"><!-- divi:paragraph -->wir freuen uns, Sie auf unserer Webseite begr\u00fc\u00dfen zu d\u00fcrfen und m\u00f6chten Sie \u00fcber eine wichtige Ver\u00e4nderung informieren: Unser Gesch\u00e4ft hat einen neuen Besitzer!<\/p>\n<p style=\"text-align: justify;\"><!-- divi:paragraph -->Diese aufregende Entwicklung bringt frische Ideen und Energie mit sich, die sich auch in unserer neuen Online-Pr\u00e4senz widerspiegeln wird.<\/p>\n<p style=\"text-align: justify;\"><!-- divi:paragraph -->Wir sind dabei die Webseite komplett zu \u00fcberarbeiten, um Ihnen ein verbessertes Nutzererlebnis zu bieten.<\/p>\n<p style=\"text-align: justify;\"><!-- divi:paragraph --><br \/>Seien Sie versichert: Obwohl sich die Eigentumsverh\u00e4ltnisse ge\u00e4ndert haben, bleiben unser Engagement f\u00fcr Qualit\u00e4t und unser Bestreben, Ihnen den bestm\u00f6glichen Service zu bieten, unver\u00e4ndert.<\/p>\n<p style=\"text-align: justify;\">Bis die neue Seite online ist, laden wir Sie herzlich ein, uns auf unserer <a href=\"https:\/\/www.facebook.com\/sweetcotton.lu\" target=\"_blank\" rel=\"noreferrer noopener\">Facebook Seite<\/a> zu besuchen oder kaufen Sie gerne online bei <a href=\"https:\/\/letzshop.lu\/de\/echternach\/vendors\/sweetcotton\" target=\"_blank\" rel=\"noreferrer noopener\">Letzshop<\/a> ein.<\/p>\n<p style=\"text-align: justify;\"><!-- divi:paragraph -->Gerne begr\u00fc\u00dfen wir Sie aber auch in unserem neuen Gesch\u00e4ft in Echternach!<\/p>\n<p><!-- divi:paragraph --><strong>Sie finden uns unter folgender Adresse:<\/strong><\/p>\n<p><!-- divi:paragraph -->Rue des Ecoliers 2<br \/>L-6436 Echternach<\/p>\n<p><!-- divi:paragraph --><strong><u>\u00d6ffnungszeiten:<\/u><\/strong><\/p>\n<p><!-- divi:paragraph -->Dienstag 10:00-17:00<br \/>Mittwoch 10:00-17:00<br \/>Donnerstag 10:00-17:00<br \/>Freitag 10:00-17:00<br \/>Samstag 11:00-16:00<br \/>Sonntag 14:00-17:00<\/p>\n<p><strong>Tel:<\/strong> +352 621 530 023<\/p>\n<p><!-- divi:paragraph --><strong>Mail:<\/strong> <a href=\"mailto:info@sweetcotton.lu\">info@sweetcotton.lu<\/a><\/p>\n<p><!-- divi:paragraph -->Vielen Dank f\u00fcr Ihr anhaltendes Vertrauen und Ihre Treue. Wir sind gespannt darauf, Sie auch in Zukunft zu bedienen und zu begeistern!<\/p>\n<p><!-- divi:paragraph -->Mit herzlichen Gr\u00fc\u00dfen,<\/p>\n<p>&nbsp;<\/p>\n<p><!-- divi:paragraph -->Ihr neues Sweetcotton Team<\/p>\n<p>&nbsp;<\/p>\n<p><!-- divi:image {\"id\":9,\"sizeSlug\":\"full\",\"linkDestination\":\"none\"} --><\/p>\n<figure class=\"wp-block-image size-full\"><img loading=\"lazy\" decoding=\"async\" width=\"640\" height=\"426\" src=\"https:\/\/www.sweetcotton.lu\/wp-content\/uploads\/2024\/09\/NeueInhaberin.jpg\" alt=\"\" class=\"wp-image-9\" srcset=\"https:\/\/www.sweetcotton.lu\/wp-content\/uploads\/2024\/09\/NeueInhaberin.jpg 640w, https:\/\/www.sweetcotton.lu\/wp-content\/uploads\/2024\/09\/NeueInhaberin-300x200.jpg 300w\" sizes=\"auto, (max-width: 640px) 100vw, 640px\" \/><\/figure>\n<p><!-- \/divi:image --><\/p>\n<p>[\/et_pb_text][\/et_pb_column][\/et_pb_row][\/et_pb_section]<\/p>\n","protected":false},"excerpt":{"rendered":"<p>Willkommen auf unserer tempor\u00e4ren Webseite!Liebe Kundinnen und Kunden, gesch\u00e4tzte Besucherinnen und Besucher, wir freuen uns, Sie auf unserer Webseite begr\u00fc\u00dfen zu d\u00fcrfen und m\u00f6chten Sie \u00fcber eine wichtige Ver\u00e4nderung informieren: Unser Gesch\u00e4ft hat einen neuen Besitzer! Diese aufregende Entwicklung bringt frische Ideen und Energie mit sich, die sich auch in unserer neuen Online-Pr\u00e4senz widerspiegeln wird. [&hellip;]<\/p>\n","protected":false},"author":1,"featured_media":0,"parent":0,"menu_order":0,"comment_status":"closed","ping_status":"closed","template":"page-template-blank.php","meta":{"_et_pb_use_builder":"on","_et_pb_old_content":"<!-- wp:paragraph -->\n<p>Liebe Kundinnen und Kunden, gesch\u00e4tzte Besucherinnen und Besucher,<\/p>\n<!-- \/wp:paragraph -->\n\n<!-- wp:paragraph -->\n<p>wir freuen uns, Sie auf unserer Webseite begr\u00fc\u00dfen zu d\u00fcrfen und m\u00f6chten Sie \u00fcber eine wichtige Ver\u00e4nderung informieren: Unser Gesch\u00e4ft hat einen neuen Besitzer!<\/p>\n<!-- \/wp:paragraph -->\n\n<!-- wp:paragraph -->\n<p>Diese aufregende Entwicklung bringt frische Ideen und Energie mit sich, die sich auch in unserer neuen Online-Pr\u00e4senz widerspiegeln wird.&nbsp;<\/p>\n<!-- \/wp:paragraph -->\n\n<!-- wp:paragraph -->\n<p>Wir sind dabei die Webseite komplett zu \u00fcberarbeiten, um Ihnen ein verbessertes Nutzererlebnis zu bieten.<\/p>\n<!-- \/wp:paragraph -->\n\n<!-- wp:paragraph -->\n<p><br>Seien Sie versichert: Obwohl sich die Eigentumsverh\u00e4ltnisse ge\u00e4ndert haben, bleiben unser Engagement f\u00fcr Qualit\u00e4t und unser Bestreben, Ihnen den bestm\u00f6glichen Service zu bieten, unver\u00e4ndert.<br><br>Bis die neue Seite online ist, laden wir Sie herzlich ein, uns auf unserer <a href=\"https:\/\/www.facebook.com\/sweetcotton.lu\" target=\"_blank\" rel=\"noreferrer noopener\">Facebook Seite<\/a> zu besuchen oder kaufen Sie gerne online bei <a href=\"https:\/\/letzshop.lu\/de\/echternach\/vendors\/sweetcotton\" target=\"_blank\" rel=\"noreferrer noopener\">Letzshop<\/a> ein.<\/p>\n<!-- \/wp:paragraph -->\n\n<!-- wp:paragraph -->\n<p>Gerne begr\u00fc\u00dfen wir Sie aber auch in unserem neuen Gesch\u00e4ft in Echternach!<\/p>\n<!-- \/wp:paragraph -->\n\n<!-- wp:paragraph -->\n<p><strong>Sie finden uns unter folgender Adresse:<\/strong><\/p>\n<!-- \/wp:paragraph -->\n\n<!-- wp:paragraph -->\n<p>Rue des Ecoliers 2<br>L-6436 Echternach<\/p>\n<!-- \/wp:paragraph -->\n\n<!-- wp:paragraph -->\n<p><strong><u>\u00d6ffnungszeiten:<\/u><\/strong><\/p>\n<!-- \/wp:paragraph -->\n\n<!-- wp:paragraph -->\n<p>Dienstag 10:00-17:00<br>Mittwoch 10:00-17:00<br>Donnerstag 10:00-17:00<br>Freitag 10:00-17:00<br>Samstag 11:00-16:00<br>Sonntag 14:00-17:00<\/p>\n<!-- \/wp:paragraph -->\n\n<!-- wp:paragraph -->\n<p><strong>Tel:<\/strong> +352 621 530 023<\/p>\n<!-- \/wp:paragraph -->\n\n<!-- wp:paragraph -->\n<p><strong>Mail:<\/strong> <a href=\"mailto:info@sweetcotton.lu\">info@sweetcotton.lu<\/a><\/p>\n<!-- \/wp:paragraph -->\n\n<!-- wp:paragraph -->\n<p><br>Vielen Dank f\u00fcr Ihr anhaltendes Vertrauen und Ihre Treue. Wir sind gespannt darauf, Sie auch in Zukunft zu bedienen und zu begeistern!<\/p>\n<!-- \/wp:paragraph -->\n\n<!-- wp:paragraph -->\n<p>Mit herzlichen Gr\u00fc\u00dfen,<\/p>\n<!-- \/wp:paragraph -->\n\n<!-- wp:paragraph -->\n<p>Ihr neues Sweetcotton Team<\/p>\n<!-- \/wp:paragraph -->\n\n<!-- wp:image {\"id\":9,\"sizeSlug\":\"full\",\"linkDestination\":\"none\"} -->\n<figure class=\"wp-block-image size-full\"><img src=\"https:\/\/www.sweetcotton.lu\/wp-content\/uploads\/2024\/09\/NeueInhaberin.jpg\" alt=\"\" class=\"wp-image-9\"\/><\/figure>\n<!-- \/wp:image -->","_et_gb_content_width":"1080","footnotes":""},"class_list":["post-7","page","type-page","status-publish","hentry"],"_links":{"self":[{"href":"https:\/\/www.sweetcotton.lu\/index.php\/wp-json\/wp\/v2\/pages\/7","targetHints":{"allow":["GET"]}}],"collection":[{"href":"https:\/\/www.sweetcotton.lu\/index.php\/wp-json\/wp\/v2\/pages"}],"about":[{"href":"https:\/\/www.sweetcotton.lu\/index.php\/wp-json\/wp\/v2\/types\/page"}],"author":[{"embeddable":true,"href":"https:\/\/www.sweetcotton.lu\/index.php\/wp-json\/wp\/v2\/users\/1"}],"replies":[{"embeddable":true,"href":"https:\/\/www.sweetcotton.lu\/index.php\/wp-json\/wp\/v2\/comments?post=7"}],"version-history":[{"count":9,"href":"https:\/\/www.sweetcotton.lu\/index.php\/wp-json\/wp\/v2\/pages\/7\/revisions"}],"predecessor-version":[{"id":37,"href":"https:\/\/www.sweetcotton.lu\/index.php\/wp-json\/wp\/v2\/pages\/7\/revisions\/37"}],"wp:attachment":[{"href":"https:\/\/www.sweetcotton.lu\/index.php\/wp-json\/wp\/v2\/media?parent=7"}],"curies":[{"name":"wp","href":"https:\/\/api.w.org\/{rel}","templated":true}]}}